{"id":57,"date":"2019-07-01T12:18:25","date_gmt":"2019-07-01T12:18:25","guid":{"rendered":"http:\/\/xn--sbydronefoto-6cb.dk\/?page_id=57"},"modified":"2024-04-09T08:43:04","modified_gmt":"2024-04-09T08:43:04","slug":"hvornaar-og-hvor-maa-der-flyves","status":"publish","type":"page","link":"https:\/\/xn--sbydronefoto-6cb.dk\/?page_id=57","title":{"rendered":"Begr\u00e6nsninger for flyvning"},"content":{"rendered":"\n<p>Det er ikke altid en flyveopgave kan udf\u00f8res forsvarligt og lovligt &#8211; der er myndigheder som administrerer arealer og skal give tilladelse til overflyvning.<\/p>\n\n\n\n<p>Disse bestemmelser kan lettest f\u00f8lges her:<\/p>\n\n\n\n<p><a href=\"https:\/\/www.droneregler.dk\">https:\/\/www.droneregler.dk<\/a><\/p>\n\n\n\n<figure class=\"wp-block-image size-full\"><img loading=\"lazy\" decoding=\"async\" width=\"800\" height=\"640\" src=\"https:\/\/xn--sbydronefoto-6cb.dk\/wp-content\/uploads\/2023\/02\/Dronekort-800x640-1.png\" alt=\"\" class=\"wp-image-383\" srcset=\"https:\/\/xn--sbydronefoto-6cb.dk\/wp-content\/uploads\/2023\/02\/Dronekort-800x640-1.png 800w, https:\/\/xn--sbydronefoto-6cb.dk\/wp-content\/uploads\/2023\/02\/Dronekort-800x640-1-300x240.png 300w, https:\/\/xn--sbydronefoto-6cb.dk\/wp-content\/uploads\/2023\/02\/Dronekort-800x640-1-768x614.png 768w\" sizes=\"auto, (max-width: 706px) 89vw, (max-width: 767px) 82vw, 740px\" \/><\/figure>\n\n\n\n<p>Derudover skal de vejrm\u00e6ssige forhold v\u00e6re i orden &#8211; st\u00e6rk bl\u00e6st og regn er ikke flyve vejr.<\/p>\n\n\n\n<p>Det skal vurderes, om der er s\u00e6rlige forhold som g\u00f8r sig g\u00e6ldende p\u00e5 flyvelokationen.<\/p>\n\n\n\n<p>Der er s\u00e6rlige afstandskrav som skal overholdes, hvis der skal flyves i n\u00e6rheden af lufthavne og flyvepladser.<\/p>\n","protected":false},"excerpt":{"rendered":"<p>Det er ikke altid en flyveopgave kan udf\u00f8res forsvarligt og lovligt &#8211; der er myndigheder som administrerer arealer og skal give tilladelse til overflyvning. Disse bestemmelser kan lettest f\u00f8lges her: https:\/\/www.droneregler.dk Derudover skal de vejrm\u00e6ssige forhold v\u00e6re i orden &#8211; st\u00e6rk bl\u00e6st og regn er ikke flyve vejr. Det skal vurderes, om der er s\u00e6rlige &hellip; <\/p>\n<p class=\"link-more\"><a href=\"https:\/\/xn--sbydronefoto-6cb.dk\/?page_id=57\" class=\"more-link\">L\u00e6s videre<span class=\"screen-reader-text\"> &#8220;Begr\u00e6nsninger for flyvning&#8221;<\/span><\/a><\/p>\n","protected":false},"author":1,"featured_media":0,"parent":0,"menu_order":0,"comment_status":"closed","ping_status":"closed","template":"","meta":{"footnotes":""},"class_list":["post-57","page","type-page","status-publish","hentry"],"_links":{"self":[{"href":"https:\/\/xn--sbydronefoto-6cb.dk\/index.php?rest_route=\/wp\/v2\/pages\/57","targetHints":{"allow":["GET"]}}],"collection":[{"href":"https:\/\/xn--sbydronefoto-6cb.dk\/index.php?rest_route=\/wp\/v2\/pages"}],"about":[{"href":"https:\/\/xn--sbydronefoto-6cb.dk\/index.php?rest_route=\/wp\/v2\/types\/page"}],"author":[{"embeddable":true,"href":"https:\/\/xn--sbydronefoto-6cb.dk\/index.php?rest_route=\/wp\/v2\/users\/1"}],"replies":[{"embeddable":true,"href":"https:\/\/xn--sbydronefoto-6cb.dk\/index.php?rest_route=%2Fwp%2Fv2%2Fcomments&post=57"}],"version-history":[{"count":8,"href":"https:\/\/xn--sbydronefoto-6cb.dk\/index.php?rest_route=\/wp\/v2\/pages\/57\/revisions"}],"predecessor-version":[{"id":397,"href":"https:\/\/xn--sbydronefoto-6cb.dk\/index.php?rest_route=\/wp\/v2\/pages\/57\/revisions\/397"}],"wp:attachment":[{"href":"https:\/\/xn--sbydronefoto-6cb.dk\/index.php?rest_route=%2Fwp%2Fv2%2Fmedia&parent=57"}],"curies":[{"name":"wp","href":"https:\/\/api.w.org\/{rel}","templated":true}]}}