{"id":78,"date":"2019-07-01T16:26:19","date_gmt":"2019-07-01T16:26:19","guid":{"rendered":"http:\/\/xn--sbydronefoto-6cb.dk\/?page_id=78"},"modified":"2024-12-08T19:48:32","modified_gmt":"2024-12-08T19:48:32","slug":"priser","status":"publish","type":"page","link":"https:\/\/xn--sbydronefoto-6cb.dk\/?page_id=78","title":{"rendered":"Priser"},"content":{"rendered":"\n<p>Det er sv\u00e6rt at s\u00e6tte en fast pris p\u00e5 en opgave, uden at kende omfanget, s\u00e5 derfor: <\/p>\n\n\n\n<p><strong>ring eller skriv<\/strong><\/p>\n\n\n\n<p class=\"has-medium-font-size\"><strong>+45 61 71 57 42<\/strong><\/p>\n\n\n\n<p class=\"has-medium-font-size\"><strong>tomj9300@yahoo.dk<\/strong><\/p>\n\n\n\n<p class=\"has-medium-font-size\"><strong>tom@s\u00e6bydronefoto.dk<\/strong><\/p>\n\n\n\n<p>for en snak om dine tanker for opgaven, og jeg kan give et overslag, som vi begge kan v\u00e6re tilfredse med.<\/p>\n\n\n\n<p><\/p>\n","protected":false},"excerpt":{"rendered":"<p>Det er sv\u00e6rt at s\u00e6tte en fast pris p\u00e5 en opgave, uden at kende omfanget, s\u00e5 derfor: ring eller skriv +45 61 71 57 42 tomj9300@yahoo.dk tom@s\u00e6bydronefoto.dk for en snak om dine tanker for opgaven, og jeg kan give et overslag, som vi begge kan v\u00e6re tilfredse med.<\/p>\n","protected":false},"author":1,"featured_media":0,"parent":0,"menu_order":0,"comment_status":"closed","ping_status":"closed","template":"","meta":{"footnotes":""},"class_list":["post-78","page","type-page","status-publish","hentry"],"_links":{"self":[{"href":"https:\/\/xn--sbydronefoto-6cb.dk\/index.php?rest_route=\/wp\/v2\/pages\/78","targetHints":{"allow":["GET"]}}],"collection":[{"href":"https:\/\/xn--sbydronefoto-6cb.dk\/index.php?rest_route=\/wp\/v2\/pages"}],"about":[{"href":"https:\/\/xn--sbydronefoto-6cb.dk\/index.php?rest_route=\/wp\/v2\/types\/page"}],"author":[{"embeddable":true,"href":"https:\/\/xn--sbydronefoto-6cb.dk\/index.php?rest_route=\/wp\/v2\/users\/1"}],"replies":[{"embeddable":true,"href":"https:\/\/xn--sbydronefoto-6cb.dk\/index.php?rest_route=%2Fwp%2Fv2%2Fcomments&post=78"}],"version-history":[{"count":4,"href":"https:\/\/xn--sbydronefoto-6cb.dk\/index.php?rest_route=\/wp\/v2\/pages\/78\/revisions"}],"predecessor-version":[{"id":409,"href":"https:\/\/xn--sbydronefoto-6cb.dk\/index.php?rest_route=\/wp\/v2\/pages\/78\/revisions\/409"}],"wp:attachment":[{"href":"https:\/\/xn--sbydronefoto-6cb.dk\/index.php?rest_route=%2Fwp%2Fv2%2Fmedia&parent=78"}],"curies":[{"name":"wp","href":"https:\/\/api.w.org\/{rel}","templated":true}]}}