{"id":81,"date":"2019-07-01T16:28:33","date_gmt":"2019-07-01T16:28:33","guid":{"rendered":"http:\/\/xn--sbydronefoto-6cb.dk\/?page_id=81"},"modified":"2025-11-08T14:37:42","modified_gmt":"2025-11-08T14:37:42","slug":"udstyr","status":"publish","type":"page","link":"https:\/\/xn--sbydronefoto-6cb.dk\/?page_id=81","title":{"rendered":"Udstyr"},"content":{"rendered":"\n<p>Nyeste v\u00e6rkt\u00f8j i samlingen er en <strong>DJI AIR 3<\/strong> som med dobbelt kamerasystem kan optage i meget h\u00f8j opl\u00f8sning, samt mulighed for at optage med tele med 3 gange zoom. Dette giver mulighed for at optage film og fotos p\u00e5 sikker afstand af emnet, og stadig f\u00e5 detaljerede optagelser.<\/p>\n\n\n\n<p>Jeg flyver stadig med en \u00e6ldre <strong>DJI Phantom 4 Pro +<\/strong> til specialopgaver, som giver knivskarpe billeder i h\u00f8j opl\u00f8sning. Denne drone egner sig specielt til opgaver med &#8216;mapping&#8217;, for frembringelse af detaljerede billeder af store arealer i 3D<\/p>\n\n\n\n<p>Jeg har en <strong>DJI mini 2<\/strong> som supplement &#8211; denne drone giver mulighed for flyvning p\u00e5 steder t\u00e6ttere p\u00e5 personer. og der er meget mindre restriktive regler for flyvning med denne drone da den vejer under 250 g.<\/p>\n\n\n\n<p>Det nyeste skud p\u00e5 stammen er en <strong>DJI NEO<\/strong> &#8211; med sine 135 g, er DJI Neo DJI&#8217;s letteste og mest kompakte drone til dato. Start og land p\u00e5 din h\u00e5ndflade ubesv\u00e6ret uden en fjernbetjening, og optag filmisk optagelser med DIG i fokus. Sv\u00e6v gennem betagende landskaber, indend\u00f8rs og udend\u00f8rs. <\/p>\n\n\n\n<p>Derudover laver jeg &#8216;almindelige&#8217; fotoopgaver med <strong>SONY Alpha 7 ll<\/strong> og <strong>SONY Alpha 7 lll<\/strong>, og har adskillige objektiver, som egner sig godt til hver sin opgave. &#8211; Kameraet tager supergode foto og videooptagelser, og jeg har arbejdet med dette kamera i mange \u00e5r, og er dus med alle funktioner.<\/p>\n\n\n\n<p><\/p>\n","protected":false},"excerpt":{"rendered":"<p>Nyeste v\u00e6rkt\u00f8j i samlingen er en DJI AIR 3 som med dobbelt kamerasystem kan optage i meget h\u00f8j opl\u00f8sning, samt mulighed for at optage med tele med 3 gange zoom. Dette giver mulighed for at optage film og fotos p\u00e5 sikker afstand af emnet, og stadig f\u00e5 detaljerede optagelser. Jeg flyver stadig med en \u00e6ldre &hellip; <\/p>\n<p class=\"link-more\"><a href=\"https:\/\/xn--sbydronefoto-6cb.dk\/?page_id=81\" class=\"more-link\">L\u00e6s videre<span class=\"screen-reader-text\"> &#8220;Udstyr&#8221;<\/span><\/a><\/p>\n","protected":false},"author":1,"featured_media":0,"parent":0,"menu_order":0,"comment_status":"closed","ping_status":"closed","template":"","meta":{"footnotes":""},"class_list":["post-81","page","type-page","status-publish","hentry"],"_links":{"self":[{"href":"https:\/\/xn--sbydronefoto-6cb.dk\/index.php?rest_route=\/wp\/v2\/pages\/81","targetHints":{"allow":["GET"]}}],"collection":[{"href":"https:\/\/xn--sbydronefoto-6cb.dk\/index.php?rest_route=\/wp\/v2\/pages"}],"about":[{"href":"https:\/\/xn--sbydronefoto-6cb.dk\/index.php?rest_route=\/wp\/v2\/types\/page"}],"author":[{"embeddable":true,"href":"https:\/\/xn--sbydronefoto-6cb.dk\/index.php?rest_route=\/wp\/v2\/users\/1"}],"replies":[{"embeddable":true,"href":"https:\/\/xn--sbydronefoto-6cb.dk\/index.php?rest_route=%2Fwp%2Fv2%2Fcomments&post=81"}],"version-history":[{"count":11,"href":"https:\/\/xn--sbydronefoto-6cb.dk\/index.php?rest_route=\/wp\/v2\/pages\/81\/revisions"}],"predecessor-version":[{"id":416,"href":"https:\/\/xn--sbydronefoto-6cb.dk\/index.php?rest_route=\/wp\/v2\/pages\/81\/revisions\/416"}],"wp:attachment":[{"href":"https:\/\/xn--sbydronefoto-6cb.dk\/index.php?rest_route=%2Fwp%2Fv2%2Fmedia&parent=81"}],"curies":[{"name":"wp","href":"https:\/\/api.w.org\/{rel}","templated":true}]}}